{"id":816,"date":"2023-04-12T09:50:21","date_gmt":"2023-04-12T09:50:21","guid":{"rendered":"https:\/\/itcat.es\/?page_id=816"},"modified":"2023-04-12T09:51:08","modified_gmt":"2023-04-12T09:51:08","slug":"politica-de-cookies","status":"publish","type":"page","link":"https:\/\/itcat.es\/es\/politica-de-cookies\/","title":{"rendered":"Pol\u00edtica de Cookies"},"content":{"rendered":"<div data-elementor-type=\"wp-page\" data-elementor-id=\"816\" class=\"elementor elementor-816\" data-elementor-post-type=\"page\">\n\t\t\t\t\t\t<section class=\"elementor-section elementor-top-section elementor-element elementor-element-7e97bb6 elementor-section-boxed elementor-section-height-default elementor-section-height-default tf-sticky-section tf-sticky-no\" data-id=\"7e97bb6\" data-element_type=\"section\" data-settings=\"{&quot;tf_sticky&quot;:&quot;no&quot;}\">\n\t\t\t\t\t\t<div class=\"elementor-container elementor-column-gap-default\">\n\t\t\t\t\t<div class=\"elementor-column elementor-col-100 elementor-top-column elementor-element elementor-element-4ede282\" data-id=\"4ede282\" data-element_type=\"column\">\n\t\t\t<div class=\"elementor-widget-wrap elementor-element-populated\">\n\t\t\t\t\t\t<div class=\"elementor-element elementor-element-d949aa4 elementor-widget elementor-widget-text-editor\" data-id=\"d949aa4\" data-element_type=\"widget\" data-widget_type=\"text-editor.default\">\n\t\t\t\t<div class=\"elementor-widget-container\">\n\t\t\t<style>\/*! elementor - v3.19.0 - 07-02-2024 *\/\n.elementor-widget-text-editor.elementor-drop-cap-view-stacked .elementor-drop-cap{background-color:#69727d;color:#fff}.elementor-widget-text-editor.elementor-drop-cap-view-framed .elementor-drop-cap{color:#69727d;border:3px solid;background-color:transparent}.elementor-widget-text-editor:not(.elementor-drop-cap-view-default) .elementor-drop-cap{margin-top:8px}.elementor-widget-text-editor:not(.elementor-drop-cap-view-default) .elementor-drop-cap-letter{width:1em;height:1em}.elementor-widget-text-editor .elementor-drop-cap{float:left;text-align:center;line-height:1;font-size:50px}.elementor-widget-text-editor .elementor-drop-cap-letter{display:inline-block}<\/style>\t\t\t\t<h2>Pol\u00edtica de Cookies<\/h2><p>El web de\u00a0<strong>ITCAT<\/strong>\u00a0utilitza cookies pr\u00f2pies i de tercers. Una cookie \u00e9s un fitxer que es descarrega al seu ordinador a l&#8217;accedir a acabades p\u00e0gines web, entre d&#8217;altres finalitats, assegurar el correcte funcionament de la p\u00e0gina, permetre a l&#8217;Usuari un acc\u00e9s m\u00e9s r\u00e0pid als serveis seleccionats, emmagatzemar i recuperar informaci\u00f3 sobre els h\u00e0bits de navegaci\u00f3 d&#8217;un usuari o del seu equip i fins i tot, depenent de la informaci\u00f3 que continguin i de la forma en qu\u00e8 s&#8217;utilitzi el seu equip, es poden utilitzar per recon\u00e8ixer a l&#8217;usuari. Les cookies s&#8217;associen \u00fanicament a un usuari an\u00f2nim i el seu ordinador o dispositiu i no proporcionen refer\u00e8ncies que permetin con\u00e8ixer les seves dades personals, excepte perm\u00eds expr\u00e9s d&#8217;aquell.<\/p><p>Segons la directiva de la UE, les cookies que requereixen el consentiment informat per part de l&#8217;usuari s\u00f3n les cookies d&#8217;anal\u00edtica, les de publicitat i afiliaci\u00f3, quedant exceptuades les de car\u00e0cter t\u00e8cnic i les necess\u00e0ries per al funcionament de la p\u00e0gina web o la prestaci\u00f3 de serveis expressament demandats per l&#8217;usuari.<\/p><p><strong>Tipus de Cookies<\/strong><\/p><p>Les Cookies poden classificar-se, en virtud de les seves caracter\u00edstiques pr\u00f2pies, dentro de diversas categor\u00edas, dins de diverses categories:<\/p><p>Segons l&#8217;entitat\u00a0 que les gestiona:<\/p><ul><li><strong>Cookies pr\u00f2pies:<\/strong>\u00a0S\u00f3n aquelles que s&#8217;envien al teu ordinador i s\u00f3n gestionades exclusivament per nosaltres per al millor funcionament del Lloc Web.<\/li><li><strong>Cookies de tercers:\u00a0<\/strong>S\u00f3n aquelles que s&#8217;envien al teu ordinador i no s\u00f3n gestionades per nosaltres sin\u00f3 per una tercera entitat.<\/li><\/ul><p>Segons el termini de temps que romanen actives:<\/p><ul><li><strong>Cookies de sessi\u00f3:<\/strong>Aquest tipus de cookies recapten i emmagatzemen dades \u00fanicament mentre l&#8217;Usuari accedeix a al Lloc Web.<\/li><li><strong>Cookies persistents:<\/strong>\u00a0Mitjan\u00e7ant aquest tipus de cookies les dades segueixen emmagatzemats i poden ser accedits i tractats durant el per\u00edode definit pel responsable de la cookie, i pot anar d&#8217;uns minuts a diversos anys.<\/li><\/ul><p>Segons la finalitat:<\/p><ul><li><strong>cookies t\u00e8cniques<\/strong>: S\u00f3n aquelles que permeten a l&#8217;usuari la navegaci\u00f3 a trav\u00e9s del lloc web, plataforma o aplicaci\u00f3 i la utilitzaci\u00f3 de les diferents opcions o serveis que el mateix ofereix, com per exemple, controlar el tr\u00e0nsit i la comunicaci\u00f3 de dades, identificar la sessi\u00f3 , accedir a parts d&#8217;acc\u00e9s restringit, recordar els elements que integren una comanda, realitzar el proc\u00e9s de compra d&#8217;una comanda, realitzar la sol\u00b7licitud d&#8217;inscripci\u00f3 o participaci\u00f3 en un esdeveniment, utilitzar elements de seguretat durant la navegaci\u00f3, emmagatzemar continguts per a la difusi\u00f3 de v\u00eddeos o so o compartir continguts a trav\u00e9s de xarxes socials.<\/li><li><strong>cookies de personalitzaci\u00f3 o prefer\u00e8ncies:<\/strong>\u00a0S\u00f3n aquelles que permeten a l&#8217;usuari accedir a el servei amb algunes caracter\u00edstiques de car\u00e0cter general predefinides, com ara l&#8217;idioma, la configuraci\u00f3 regional des d&#8217;on s&#8217;accedeix a el servei, etc.<\/li><li><strong>cookies d&#8217;an\u00e0lisi:<\/strong>\u00a0S\u00f3n aquelles que permeten al responsable de les mateixes, el seguiment i an\u00e0lisi del comportament dels usuaris dels llocs web als que estan vinculades. La informaci\u00f3 recollida mitjan\u00e7ant aquest tipus de cookies s&#8217;utilitza en el mesurament de l&#8217;activitat dels llocs web, aplicaci\u00f3 o plataforma i per a l&#8217;elaboraci\u00f3 de perfils de navegaci\u00f3 dels usuaris d&#8217;aquests llocs, aplicacions i plataformes, per tal d&#8217;introduir millores en funci\u00f3 de l&#8217;an\u00e0lisi de les dades d&#8217;\u00fas que fan els usuaris del servei.<\/li><li><strong>cookies publicit\u00e0ries:<\/strong>\u00a0S\u00f3n aquelles que permeten la gesti\u00f3, de la forma m\u00e9s efica\u00e7 possible, dels espais publicitaris que, si escau, s&#8217;hagi incl\u00f2s en el lloc web, aplicaci\u00f3 o plataforma des de la qual presta el servei sol\u00b7licitat en base als criteris com el contingut editat o la freq\u00fc\u00e8ncia en qu\u00e8 es mostren els anuncis. Recullen informaci\u00f3 sobre les prefer\u00e8ncies i eleccions personals dels usuaris.<\/li><\/ul><p>Cookies utilitzades en aquesta web:<\/p><table width=\"613\"><tbody><tr><td width=\"123\">nombre<\/td><td width=\"123\">Tipo (t\u00e9cnicas, personalizaci\u00f3n, an\u00e1lisis o publicitarias)<\/td><td width=\"123\">Duraci\u00f3n<\/td><td width=\"123\">Finalidad<\/td><td width=\"123\">Propias\/Terceros *Identificaci\u00f3n del tercero (link a la Pol\u00edtica de Cookies del tercero)<\/td><\/tr><tr><td width=\"123\"><strong>wordpress_<\/strong><\/td><td width=\"123\">Recordatori de Sessi\u00f3<\/td><td width=\"123\">Sessi\u00f3<\/td><td width=\"123\">Recordatori de Sessi\u00f3<\/td><td width=\"123\">\u00a0<\/td><\/tr><tr><td width=\"123\"><strong>wordpress_logged_in_<\/strong><\/td><td width=\"123\">Recordatori de Sessi\u00f3<\/td><td width=\"123\">Sessi\u00f3<\/td><td width=\"123\">Recordatori de Sessi\u00f3<\/td><td width=\"123\">\u00a0<\/td><\/tr><tr><td width=\"123\"><strong>wordpress_test_<\/strong><\/td><td width=\"123\">Recordatori de Sessi\u00f3<\/td><td width=\"123\">Sessi\u00f3<\/td><td width=\"123\">Recordatori de Sessi\u00f3<\/td><td width=\"123\">\u00a0<\/td><\/tr><tr><td width=\"123\"><strong>wordpress_test_cookie<\/strong><\/td><td width=\"123\">WordPress Test Cookies<\/td><td width=\"123\">Sessi\u00f3<\/td><td width=\"123\">Recordatori de Sessi\u00f3<\/td><td width=\"123\">\u00a0<\/td><\/tr><tr><td width=\"123\"><strong>wp-settings-[UID]<\/strong><\/td><td width=\"123\">S&#8217;utilitza per personalitzar la interf\u00edcie d&#8217;usuari.<\/td><td width=\"123\">1 any<\/td><td width=\"123\">S&#8217;utilitza per personalitzar la interf\u00edcie d&#8217;usuari.<\/td><td width=\"123\">\u00a0<\/td><\/tr><tr><td width=\"123\"><strong>wp-settings-time-[UID]<\/strong><\/td><td width=\"123\">Emmagatzema l&#8217;aspecte de la interf\u00edcie d&#8217;administraci\u00f3 i de el lloc principal.<\/td><td width=\"123\">1 any<\/td><td width=\"123\">Emmagatzema l&#8217;aspecte de la interf\u00edcie d&#8217;administraci\u00f3 i de el lloc principal.<\/td><td width=\"123\">\u00a0<\/td><\/tr><\/tbody><\/table><p><strong>COOKIES DE TERCERS<\/strong><\/p><p>Google Analitycs. Las bibliotecas gtag.js, analytics.js y ga.js configuran las cookies siguientes:<\/p><table width=\"643\"><tbody><tr><td width=\"113\"><strong>Nombre<\/strong><\/td><td width=\"132\"><strong>Duraci\u00f3n<\/strong><\/td><td width=\"397\"><strong>Descripci\u00f3n<\/strong><\/td><\/tr><tr><td width=\"113\">_ga<\/td><td width=\"132\">2\u00a0a\u00f1os<\/td><td width=\"397\">Se usa para distinguir a los usuarios.<\/td><\/tr><tr><td width=\"113\">_gid<\/td><td width=\"132\">24\u00a0horas<\/td><td width=\"397\">Se usa para distinguir a los usuarios.<\/td><\/tr><tr><td width=\"113\">_gat<\/td><td width=\"132\">1\u00a0minuto<\/td><td width=\"397\">Se usa para limitar el porcentaje de solicitudes. Si se ha implementado Google Analytics mediante Google Tag\u00a0Manager, esta cookie se llamar\u00e1\u00a0_dc_gtm_&lt;property-id&gt;.<\/td><\/tr><tr><td width=\"113\">_gac_&lt;property-id&gt;<\/td><td width=\"132\">90\u00a0d\u00edas<\/td><td width=\"397\">Incluye informaci\u00f3n de la campa\u00f1a relativa al usuario. Si has vinculado tus cuentas de Google Analytics y Google\u00a0Ads, las etiquetas de conversi\u00f3n en sitio web de Google\u00a0Ads leer\u00e1n esta cookie, a menos que la inhabilites.<br \/><a href=\"https:\/\/support.google.com\/google-ads\/answer\/7521212?hl=es\">M\u00e1s informaci\u00f3n<\/a><\/td><\/tr><tr><td width=\"113\">__utma<\/td><td width=\"132\">2\u00a0a\u00f1os a partir de la configuraci\u00f3n o actualizaci\u00f3n<\/td><td width=\"397\">Se usa para distinguir usuarios y sesiones. La cookie se crea cuando se ejecuta la biblioteca de JavaScript y no hay ninguna cookie __utma. La cookie se actualiza cada vez que se env\u00edan datos a Google Analytics.<\/td><\/tr><tr><td width=\"113\">__utmt<\/td><td width=\"132\">10\u00a0minutos<\/td><td width=\"397\">Se usa para limitar el porcentaje de solicitudes.<\/td><\/tr><tr><td width=\"113\">__utmb<\/td><td width=\"132\">30\u00a0minutos a partir de la configuraci\u00f3n o actualizaci\u00f3n<\/td><td width=\"397\">Se usa para determinar nuevas sesiones o visitas. La cookie se crea cuando se ejecuta la biblioteca de JavaScript y no hay ninguna cookie __utmb. La cookie se actualiza cada vez que se env\u00edan datos a Google Analytics.<\/td><\/tr><tr><td width=\"113\">__utmc<\/td><td width=\"132\">Fin de la sesi\u00f3n del navegador<\/td><td width=\"397\">No se usa en ga.js. Se configura para interactuar con urchin.js. Anteriormente, esta cookie actuaba junto con la cookie\u00a0__utmb\u00a0para determinar si el usuario estaba en una nueva sesi\u00f3n o visita.<\/td><\/tr><tr><td width=\"113\">__utmz<\/td><td width=\"132\">6\u00a0meses a partir de la configuraci\u00f3n o actualizaci\u00f3n<\/td><td width=\"397\">Almacena la fuente de tr\u00e1fico o la campa\u00f1a que explica c\u00f3mo ha llegado el usuario al sitio web. La cookie se crea cuando se ejecuta la biblioteca de JavaScript y se actualiza cada vez que se env\u00edan datos a Google Analytics.<\/td><\/tr><tr><td width=\"113\">__utmv<\/td><td width=\"132\">2\u00a0a\u00f1os a partir de la configuraci\u00f3n o actualizaci\u00f3n<\/td><td width=\"397\">Se usa para almacenar datos de variables personalizadas a nivel de visitante. Esta cookie se crea cuando un programador usa el m\u00e9todo\u00a0<a href=\"https:\/\/developers.google.com\/analytics\/devguides\/collection\/gajs\/methods\/gaJSApiBasicConfiguration?hl=es#_gat.GA_Tracker_._setCustomVar\" data-et-has-event-already=\"true\">_setCustomVar<\/a>\u00a0con una variable personalizada a nivel de visitante. Tambi\u00e9n se usaba para el m\u00e9todo\u00a0_setVar, que ya no est\u00e1 disponible. La cookie se actualiza cada vez que se env\u00edan datos a Google Analytics.<\/td><\/tr><\/tbody><\/table><p>Pol\u00edtica de cookies de Google Analytics:<\/p><p><a href=\"https:\/\/developers.google.com\/analytics\/devguides\/collection\/analyticsjs\/cookie-usage?hl=es\">https:\/\/developers.google.com\/analytics\/devguides\/collection\/analyticsjs\/cookie-usage?hl=es<\/a><\/p><p>Aquesta taula pot ser actualitzada d&#8217;acord amb les galetes emprades en cada moment. T&#8217;aconsellem que consultis la nostra Pol\u00edtica de Cookies de forma regular.<\/p><p><strong>Es realitzen transfer\u00e8ncies de dades a tercers pa\u00efsos?<\/strong><\/p><p>Pots informar-te de les transfer\u00e8ncies a tercers pa\u00efsos que, si escau, realitzen els tercers identificats en aquesta pol\u00edtica de cookies en els seus corresponents pol\u00edtiques (Veure els enlla\u00e7os facilitats en la taula anterior, en l&#8217;apartat de galetes de tercers).<\/p><p><strong>Com desactivar i bloquejar les cookies?<\/strong><\/p><p>T&#8217;informem que, en qualsevol cas, pots desactivar o bloquejar les cookies activant la configuraci\u00f3 del teu navegador, permetent rebutjar la instal\u00b7laci\u00f3 de totes o algunes de les cookies. En cas de no permetre la instal\u00b7laci\u00f3 de cookies \u00e9s possible que no puguis accedir a algunes de les funcionalitats de el present lloc web, i per tant, la teva experi\u00e8ncia com a usuari en el lloc web resulti menys satisfact\u00f2ria.<\/p><p>Pots permetre, bloquejar o eliminar les cookies instal\u00b7lades en el teu equip mitjan\u00e7ant la configuraci\u00f3 de les opcions de el navegador instal\u00b7lat al teu ordinador. Per a m\u00e9s informaci\u00f3 sobre com ajustar les seves configuracions de cookies en els seg\u00fcents navegadors, et remetem a l&#8217;enlla\u00e7 pertinent:<\/p><p>Internet Explorer<\/p><ul><li><a href=\"https:\/\/support.microsoft.com\/es-es\/help\/17442\/windows-internet-explorer-deletemanage-cookies\">https:\/\/support.microsoft.com\/es-es\/help\/17442\/windows-internet-explorer-deletemanage-cookies<\/a><\/li><\/ul><p>Firefox<\/p><ul><li><a href=\"https:\/\/support.mozilla.org\/es\/kb\/habilitar-y-deshabilitar-cookies-sitios-web-rastrearpreferencias?redirectlocale=es&amp;redirectslug=habilitar-y-deshabilitar-cookies-que-los-sitioswe\">https:\/\/support.mozilla.org\/es\/kb\/habilitar-y-deshabilitar-cookies-sitios-web-rastrearpreferencias?redirectlocale=es&amp;redirectslug=habilitar-y-deshabilitar-cookies-que-los-sitioswe<\/a><\/li><\/ul><p>Chrome<\/p><ul><li><a href=\"http:\/\/support.google.com\/chrome\/bin\/answer.py?hl=en&amp;answer=95647\">http:\/\/support.google.com\/chrome\/bin\/answer.py?hl=en&amp;answer=95647<\/a><\/li><\/ul><p>Safari<\/p><ul><li><a href=\"https:\/\/support.apple.com\/kb\/PH19214?viewlocale=es_ES&amp;locale=es_ES\">https:\/\/support.apple.com\/kb\/PH19214?viewlocale=es_ES&amp;locale=es_ES<\/a><\/li><\/ul><p>Opera<\/p><ul><li><a href=\"http:\/\/help.opera.com\/Windows\/11.50\/es-ES\/cookies.html\">http:\/\/help.opera.com\/Windows\/11.50\/es-ES\/cookies.html<\/a><\/li><\/ul><p><strong>QUINS DRETS TENS SOBRE LES DADES PERSONALS APORTADES?<\/strong><\/p><p>Com a usuari, pots exercitar els drets seg\u00fcents:<\/p><ul><li><strong>Dret d&#8217;acc\u00e9s:<\/strong>\u00a0Tens dret a obtenir per part de l&#8217;empresa confirmaci\u00f3 de si s&#8217;estan tractant o no les teves dades personals que, i si \u00e9s el cas, quines dades tracta.<\/li><li><strong>Dret de rectificaci\u00f3:<\/strong>\u00a0Tens dret a obtenir per part de l&#8217;empresa, la rectificaci\u00f3 de les dades personals inexactes que et concerneixen. En la sol\u00b7licitud de rectificaci\u00f3 haur\u00e0s d&#8217;indicar les dades que vols que es modifiquin.<\/li><li><strong>Dret d&#8217;oposici\u00f3:<\/strong>\u00a0Tens dret a oposar-te en qualsevol moment, per motius relacionats amb la teva situaci\u00f3 particular, al fet que dades personals que et concerneixin siguin objecte d&#8217;un tractament basat en l&#8217;inter\u00e8s leg\u00edtim de l&#8217;empresa. En aquest cas, l&#8217;empresa deixar\u00e0 de tractar les dades personals, llevat que acreditem motius leg\u00edtims imperiosos per al tractament que prevalguin sobre els teus interessos, drets i llibertats, o per a la formulaci\u00f3, l&#8217;exercici o la defensa de reclamacions.<\/li><li><strong>Dret de supressi\u00f3:<\/strong>\u00a0Tens dret a obtenir per part de l&#8217;empresa, la supressi\u00f3 de les dades personals que et concerneixin.<\/li><li><strong>Dret a la portabilitat de les dades:\u00a0<\/strong>Tens dret al fet que l&#8217;empresa transfereixi les teves dades personals a un altre responsable de l&#8217;tractament. Nom\u00e9s \u00e9s possible exercir aquest dret quan el tractament estigui basat en l&#8217;execuci\u00f3 d&#8217;un contracte o al teu consentiment i el tractament es realitzi per mitjans automatitzats.<\/li><li><strong>Dret a la limitaci\u00f3 del tractament:\u00a0<\/strong>Tens dret a sol\u00b7licitar-nos que suspenguem el tractament de les teves dades quan: impugnes l&#8217;exactitud de les dades, mentre l&#8217;empresa verifica aquesta exactitud; hagis exercit el dret d&#8217;oposici\u00f3 a el tractament de les teves dades, mentre que es verifica si els motius leg\u00edtims de l&#8217;empresa prevalen sobre els teus com interessat.<\/li><li><strong>Dret a no ser objecte de decisions individuals automatitzades, inclosa l&#8217;elaboraci\u00f3 de perfils:<\/strong>\u00a0Tens dret a no ser objecte d&#8217;una decisi\u00f3 basada \u00fanicament en el tractament automatitzat, inclosa l&#8217;elaboraci\u00f3 de perfils, que produeixi efectes jur\u00eddics o et afecti significativament de manera similar.<\/li><\/ul><p>En qualsevol moment, podr\u00e0s exercir aquests drets, mitjan\u00e7ant un escrit i acreditant La teva personalitat dirigit a\u00a0<strong>ITCAT<\/strong>, amb direcci\u00f3 en\u00a0<strong>C\/ Sant Sebasti\u00e0, 6. 25110 \u2013 Alpicat (Lleida)<\/strong>, o a trav\u00e9s de l&#8217;adre\u00e7a de correu electr\u00f2nic:\u00a0<strong>info@itcat.es\u00a0<\/strong>.<\/p><p>A m\u00e9s, podr\u00e0s presentar una reclamaci\u00f3 davant l&#8217;autoritat de control, en aquest cas, l&#8217;Ag\u00e8ncia Espanyola de Protecci\u00f3 de Dades, si consideres que el tractament de dades personals infringeix la legislaci\u00f3 aplicable.<\/p>\t\t\t\t\t\t<\/div>\n\t\t\t\t<\/div>\n\t\t\t\t\t<\/div>\n\t\t<\/div>\n\t\t\t\t\t<\/div>\n\t\t<\/section>\n\t\t\t\t<\/div>","protected":false},"excerpt":{"rendered":"<p>Pol\u00edtica de Cookies El web de\u00a0ITCAT\u00a0utilitza cookies pr\u00f2pies i de tercers. Una cookie \u00e9s un fitxer que es descarrega al seu ordinador a l&#8217;accedir a acabades p\u00e0gines web, entre d&#8217;altres finalitats, assegurar el correcte funcionament de la p\u00e0gina, permetre a l&#8217;Usuari un acc\u00e9s m\u00e9s r\u00e0pid als serveis seleccionats, emmagatzemar i recuperar informaci\u00f3 sobre els h\u00e0bits [&hellip;]<\/p>","protected":false},"author":1,"featured_media":0,"parent":0,"menu_order":0,"comment_status":"closed","ping_status":"closed","template":"elementor_canvas","meta":{"footnotes":""},"_links":{"self":[{"href":"https:\/\/itcat.es\/es\/wp-json\/wp\/v2\/pages\/816"}],"collection":[{"href":"https:\/\/itcat.es\/es\/wp-json\/wp\/v2\/pages"}],"about":[{"href":"https:\/\/itcat.es\/es\/wp-json\/wp\/v2\/types\/page"}],"author":[{"embeddable":true,"href":"https:\/\/itcat.es\/es\/wp-json\/wp\/v2\/users\/1"}],"replies":[{"embeddable":true,"href":"https:\/\/itcat.es\/es\/wp-json\/wp\/v2\/comments?post=816"}],"version-history":[{"count":7,"href":"https:\/\/itcat.es\/es\/wp-json\/wp\/v2\/pages\/816\/revisions"}],"predecessor-version":[{"id":823,"href":"https:\/\/itcat.es\/es\/wp-json\/wp\/v2\/pages\/816\/revisions\/823"}],"wp:attachment":[{"href":"https:\/\/itcat.es\/es\/wp-json\/wp\/v2\/media?parent=816"}],"curies":[{"name":"wp","href":"https:\/\/api.w.org\/{rel}","templated":true}]}}