{"id":805,"date":"2023-04-12T09:38:49","date_gmt":"2023-04-12T09:38:49","guid":{"rendered":"https:\/\/itcat.es\/?page_id=805"},"modified":"2023-07-04T15:07:14","modified_gmt":"2023-07-04T15:07:14","slug":"politica-de-privacitat","status":"publish","type":"page","link":"https:\/\/itcat.es\/es\/politica-de-privacitat\/","title":{"rendered":"Pol\u00edtica de Privacitat"},"content":{"rendered":"<h2>Pol\u00edtica de Privacitat<\/h2>\n<p>La seva privacitat \u00e9s important per a nosaltres, aix\u00ed que mitjan\u00e7ant aquesta pol\u00edtica li expliquem quines dades recollim dels usuaris, com els utilitzem i per a qu\u00e8, entre d&#8217;altres indicacions.<\/p>\n<p>Per a la seva informaci\u00f3, mai demanarem m\u00e9s informaci\u00f3 de la que realment necessitarem per als serveis requerits; mai la compartirem amb tercers, excepte per obligaci\u00f3 legal o amb la seva autoritzaci\u00f3 pr\u00e8via; i mai utilitzarem les seves dades per a una altra finalitat no indicada pr\u00e8viament.<\/p>\n<p>Com a usuari, haur\u00e0 de llegir atentament aquesta Pol\u00edtica de privacitat de manera regular, i sempre que introdueixi les seves dades personals, ja que aquest document pot patir modificacions ja que el prestador pot modificar qualsevol tipus d&#8217;informaci\u00f3 que pogu\u00e9s apar\u00e8ixer al web per complir amb la normativa o actualitzar la pol\u00edtica, i sense que hi hagi l&#8217;obligaci\u00f3 d&#8217;avisar o posar en coneixement dels usuaris aquestes obligacions, sent suficients la publicaci\u00f3 al lloc web del prestador.<\/p>\n<p><strong>RESPONSABLE DEL TRACTAMENT:<\/strong><\/p>\n<p>Identitat:&nbsp;<strong>Lloren\u00e7 Besa Serra<\/strong>&nbsp;(en endavant ITCAT)<\/p>\n<p>CIF: 47684748K<\/p>\n<p>Direcci\u00f3 postal: Calle Sant Sebasti\u00e0 6, Alpicat, 25110<\/p>\n<p>Correu electr\u00f2nic: info@itcat.es<\/p>\n<p>ITCAT, com a responsable del Lloc web, de conformitat amb el que disposa el Reglament (UE) 2016\/679 de 27 d&#8217;abril de 2016 (RGPD) relatiu a la protecci\u00f3 de les persones f\u00edsiques pel que fa a el tractament de dades personals ia la lliure circulaci\u00f3 d&#8217;aquestes dades i la resta de normativa vigent en mat\u00e8ria de protecci\u00f3 de dades personals, i per la Llei 34\/2002, d&#8217;11 de juliol, de Serveis de la Societat de la Informaci\u00f3 i de Comer\u00e7 Electr\u00f2nic (LSSICE), li informa que t\u00e9 implementades les mesures de seguretat necess\u00e0ries, d&#8217;\u00edndole t\u00e8cnica i organitzatives, per a garantir i protegir la confidencialitat, integritat i disponibilitat de les dades introdu\u00efdes.<\/p>\n<p><strong>M\u00c8TODE D&#8217;OBTENCI\u00d3 DE LES DADES i QUINES DADES recollim:<\/strong><\/p>\n<p>Les dades que recollim i la manera com els obtenim \u00e9s la seg\u00fcent:<\/p>\n<ul>\n<li>a trav\u00e9s del formulari de contacte: nom, mail, tel\u00e8fon, empresa<\/li>\n<li>a trav\u00e9s del formulari de subscripci\u00f3 a la newsletter: nom, mail<\/li>\n<\/ul>\n<p>No es tracten categories de dades especialment protegides.<\/p>\n<p><strong>FINALITAT DEL TRACTAMENT:<\/strong><\/p>\n<p>Les seves dades personals nom\u00e9s s&#8217;utilitzaran per a les seg\u00fcents finalitats, prestant el seu consentiment per a cadascuna de les finalitats en l&#8217;apartat corresponent de la web:<\/p>\n<ul>\n<li><strong>formulari de contacte:<\/strong>&nbsp;per respondre a les consultes i \/ o proporcionar informacions requerides per l&#8217;Usuari;<\/li>\n<li><strong>formulari de subscripci\u00f3 a la newsletter:<\/strong>&nbsp;per remetre-les comunicacions comercials publicit\u00e0ries per mail, SMS, comunitats socials o qualsevol altre mitj\u00e0 electr\u00f2nic o f\u00edsic, en cas que l&#8217;Usuari ho hagi consentit expressament;<\/li>\n<\/ul>\n<p>Pot revocar en qualsevol moment el seu consentiment remetent un escrit amb l&#8217;assumpte &#8220;Baixa&#8221; a&nbsp;<strong>info@itcat.es<\/strong><\/p>\n<p>D&#8217;acord amb la LSSICE,&nbsp;<strong>ITCAT<\/strong>&nbsp;no realitza pr\u00e0ctiques de SPAM, per tant, no envia correus comercials per e-mail que no hagin estat pr\u00e8viament sol\u00b7licitats o autoritzats per l&#8217;Usuari. En conseq\u00fc\u00e8ncia, en totes les comunicacions que rebr\u00e0 de prestador, l&#8217;usuari t\u00e9 la possibilitat de cancel\u00b7lar el seu consentiment expr\u00e9s per rebre les nostres comunicacions.<\/p>\n<p>No tractarem les seves dades personals per a cap altra finalitat de les descrites excepte per obligaci\u00f3 legal o requeriment judicial.<\/p>\n<p>No ser\u00e0 objecte de decisions basades en tractaments automatitzats que produeixin efectes sobre les seves dades.<\/p>\n<p><strong>LEGITIMACI\u00d3 DEL TRACTAMENT<\/strong><\/p>\n<p>La base legal per al tractament de les dades \u00e9s el seu&nbsp;<strong>consentiment<\/strong>&nbsp;atorgat en el moment de donar les seves dades en el formulari corresponent per dur a terme les finalitats, en el moment de marcatge de la casella de verificaci\u00f3. El no facilitar les dades personals sol\u00b7licitades o el no acceptar la present pol\u00edtica de privacitat suposa la impossibilitat d&#8217;aconseguir les finalitats anteriorment descrites.<\/p>\n<p>En els casos en qu\u00e8 hi hagi una relaci\u00f3 contractual entre les parts, la legitimaci\u00f3 per al desenvolupament de les obligacions derivades de la mateixa ser\u00e0 l&#8217;exist\u00e8ncia de la relaci\u00f3 comercial establerta entre les parts.<\/p>\n<p>L&#8217;oferta prospectiva o comercial de productes i serveis est\u00e0 basada en el consentiment que se li sol\u00b7licita, sense que en cap cas la retirada d&#8217;aquest consentiment condicioni l&#8217;execuci\u00f3 del contracte de subscripci\u00f3.<\/p>\n<p><strong>TERMINI DE CONSERVACI\u00d3 DE LES DADES:<\/strong><\/p>\n<p>Les seves dades es conservaran mentre duri la relaci\u00f3 comercial amb nosaltres o exerceix el seu dret de cancel\u00b7laci\u00f3 o oposici\u00f3, o limitaci\u00f3 a el tractament. Aix\u00ed mateix, conservarem les vostres dades en els terminis legalment previstos en les disposicions aplicables.<\/p>\n<p><strong>DESTINATARIS DE CESSIONS O TRANSFER\u00c8NCIES (cal revisar amb client)<\/strong><\/p>\n<p><strong>ITCAT<\/strong>&nbsp;no porta a terme cap cessi\u00f3 o comunicaci\u00f3 de dades ni dins ni fora de la UE. El prestador \u00fanicament facilitar\u00e0 informaci\u00f3 a les forces i cossos de seguretat sota ordre judicial o per obligaci\u00f3 d&#8217;una norma legal, sense perjudici de poder bloquejar o cancel\u00b7lar el seu compte si pot haver-hi indicis de la comissi\u00f3 d&#8217;algun delicte per part de l&#8217;usuari. La informaci\u00f3 facilitada ser\u00e0 nom\u00e9s la que disposi en aquest moment el prestador.<\/p>\n<p><strong>Hosting:<\/strong>&nbsp;per tal de realitzar els serveis d&#8217;allotjament de la web,&nbsp;<strong>ITCAT<\/strong>&nbsp;t\u00e9 contractat els serveis en FACTORIA DE APPS,S.L. amb domicili a Carrer Maragall, 2 \u2013 25003 Lleida.<\/p>\n<p><strong>Correu electr\u00f2nic m\u00e0rqueting:<\/strong>&nbsp;The Rocket Science Group LLC (Mailchimp) , amb domicili en 675 Ponce De Leon Ave NE, Suite 5000 Atlanta, Georgia 30308. M\u00e9s informaci\u00f3 www.mailchimp.com. The Rocket Science Group LLC (Mailchimp)&nbsp; tracta les dades per tal de realitzar els seus serveis de gesti\u00f3 de email m\u00e0rqueting a&nbsp;<strong>ITCAT<\/strong><\/p>\n<p><strong>DRETS&nbsp; DE LES PERSONES INTERESSADES<\/strong><\/p>\n<p>Com a usuari-interessat, pot sol\u00b7licitar l&#8217;exercici dels seg\u00fcents drets davant&nbsp;<strong>ITCAT<\/strong>&nbsp;presentant un escrit a l&#8217;adre\u00e7a postal de l&#8217;encap\u00e7alament o enviant un correu electr\u00f2nic a<strong>&nbsp;<\/strong><b>info@itcat.es<\/b><strong>&nbsp;<\/strong>, indicant com Assumpte: &#8220;PROTECCIO DE DADES: DRETS DELS AFECTATS&#8221;, i adjuntant fotoc\u00f2pia del seu DNI o qualsevol mitj\u00e0 an\u00e0leg en dret, tal com indica la llei.<\/p>\n<p><strong>Drets:<\/strong><\/p>\n<ul>\n<li><strong>Dret d&#8217;acc\u00e9s:<\/strong>&nbsp;permet a l&#8217;interessat con\u00e8ixer i obtenir informaci\u00f3 sobre les seves dades de car\u00e0cter personal sotmeses a tractament.<\/li>\n<li><strong>Dret de rectificaci\u00f3 o supressi\u00f3<\/strong>: permet corregir errors i modificar les dades que resultin ser inexactes o incompletes.<\/li>\n<li><strong>Dret de cancel\u00b7laci\u00f3<\/strong>: permet que se suprimeixin les dades que siguin inadequades o excessives.<\/li>\n<li><strong>Dret d&#8217;oposici\u00f3:<\/strong>&nbsp;dret de l&#8217;interessat a que no es dugui a terme el tractament de les seves dades de car\u00e0cter personal o se cessi en el mateix.<\/li>\n<li><strong>Limitaci\u00f3 del tractament:<\/strong>&nbsp;comporta el marcat de les dades personals conservats, amb la finalitat de limitar el seu futur tractament, per a l&#8217;exercici o la defensa de reclamacions.<\/li>\n<li><strong>Portabilitat de les dades:<\/strong>&nbsp;facilitaci\u00f3 de les dades objecte de tractament a l&#8217;interessat, per tal que aquest pugui transmetre a un altre responsable, sense impediments.<\/li>\n<li><strong>Dret a no ser objecte de decisions individuals automatitzades (inclosa l&#8217;elaboraci\u00f3 de perfils):&nbsp;<\/strong>dret a no ser objecte d&#8217;una decisi\u00f3 basada en el tractament automatitzat que produeixi efectes o afecti significativament.<\/li>\n<\/ul>\n<p>Com a usuari, t\u00e9 dret a retirar el consentiment donat en qualsevol moment. La retirada del consentiment no afectar\u00e0 la licitud del tractament efectuat abans de la retirada del consentiment.<\/p>\n<p>Tamb\u00e9 t\u00e9 dret a presentar una reclamaci\u00f3 davant l&#8217;autoritat de control si considera que poden haver-se vist vulnerats els seus drets en relaci\u00f3 a la protecci\u00f3 de les seves dades (aepd.es).<\/p>\n<p><strong>INFORMACI\u00d3 ADDICIONAL<\/strong><\/p>\n<p><strong>MESURES DE SEGURETAT:<\/strong><\/p>\n<p>Les dades que ens faciliti es tractaran de forma confidencial. El prestador ha adoptat totes les mesures t\u00e8cniques i organitzatives i tots els nivells de protecci\u00f3 necessaris per a garantir la seguretat en el tractament de les dades i evitar la seva alteraci\u00f3, p\u00e8rdua, robatori, tractament o acc\u00e9s no autoritzat, d&#8217;acord l&#8217;estat de la tecnologia i naturalesa de les dades emmagatzemades. Aix\u00ed mateix, es garanteix tamb\u00e9 que el tractament i registre en fitxers, programes, sistemes o equips, locals i centres compleixen amb els requisits i condicions d&#8217;integritat i seguretat establertes en la normativa vigent.<\/p>\n<p><strong>IDIOMA<\/strong><\/p>\n<p>L&#8217;idioma aplicable a aquesta pol\u00edtica de privacitat \u00e9s l&#8217;espanyol. Per tant, en cas que hi hagu\u00e9s alguna contradicci\u00f3 en alguna de les versions facilitades en altres idiomes, prevaldr\u00e0 la versi\u00f3 en espanyol.<\/p>\n<p><strong>MENORS D&#8217;EDAT<\/strong><\/p>\n<ul>\n<li>En el cas dels menors de catorze anys es requereix el consentiment dels pares o tutors per al tractament de les seves dades personals.<\/li>\n<li>En cap cas es demanaran de el menor d&#8217;edat dades relatives a la situaci\u00f3 professional, econ\u00f2mica o en la intimitat dels altres membres de la fam\u00edlia, sense el consentiment d&#8217;aquests.<\/li>\n<li>Si ets menor de catorze anys i has accedit a aquest lloc web sense avisar als teus pares no has de registrar ni donar-nos les teves dades ni la dels teus tutors.<\/li>\n<\/ul>\n<p><strong>XARXES SOCIALS<\/strong><\/p>\n<p>L&#8217;informem que&nbsp;<strong>ITCAT<\/strong>&nbsp;pot tenir pres\u00e8ncia en xarxes socials. El tractament de les dades que es dugui a terme de les persones que es facin seguidores a les xarxes socials (i \/ o realitzin qualsevol vincle o acci\u00f3 de connexi\u00f3 a trav\u00e9s de les xarxes socials) de les p\u00e0gines oficials de&nbsp;<strong>ITCAT<\/strong>&nbsp;es regir\u00e0 per aquest apartat, aix\u00ed com per aquelles condicions d&#8217;\u00fas, pol\u00edtiques de privacitat i normatives d&#8217;acc\u00e9s que pertanyin a la xarxa social que procedeixi en cada cas i acceptades pr\u00e8viament per l&#8217;usuari.<\/p>\n<p><strong>ITCAT<\/strong>&nbsp;tractar\u00e0 les seves dades amb les finalitats d&#8217;administrar correctament la seva pres\u00e8ncia a la xarxa social, informant d&#8217;activitats, productes o serveis de prestador, aix\u00ed com per a qualsevol altra finalitat que les normatives de les Xarxes Socials permetin.<\/p>\n<p>Queda prohibida la publicaci\u00f3 de continguts:<\/p>\n<ul>\n<li>Que siguin presumptament il\u00b7l\u00edcits per la normativa nacional, comunit\u00e0ria o internacional o que realitzin activitats presumptament il\u00b7l\u00edcites o contravinguin els principis de la bona fe.<\/li>\n<li>Que atemptin contra els drets fonamentals de les persones, faltin a la cortesia a la xarxa, molestin o puguin generar opinions negatives en els nostres usuaris o tercers i en general qualssevol siguin els continguts que<strong>&nbsp;ITCAT<\/strong>&nbsp;consideri inapropiats.<\/li>\n<li>I en general que contravinguin els principis de legalitat, honradesa, responsabilitat, protecci\u00f3 de la dignitat humana, protecci\u00f3 de menors, protecci\u00f3 de l&#8217;ordre p\u00fablic, la protecci\u00f3 de la vida privada, la protecci\u00f3 del consumidor i els drets de propietat intel\u00b7lectual i industrial.<\/li>\n<\/ul>\n<p>Aix\u00ed mateix,&nbsp;<strong>ITCAT<\/strong>&nbsp;es reserva la potestat de retirar, sense previ av\u00eds de la p\u00e0gina web o de la xarxa social corporativa aquells continguts que es consideren inadequats.<\/p>\n<p>En tot cas, si vost\u00e9 remet informaci\u00f3 personal a trav\u00e9s de la xarxa social,&nbsp;<strong>ITCAT<\/strong>&nbsp;quedar\u00e0 exempt de responsabilitat en relaci\u00f3 amb les mesures de seguretat aplicables a la present plataforma, i el usuari en cas de voler con\u00e8ixer-les, consultar les corresponents condicions particulars de la xarxa en q\u00fcesti\u00f3.<\/p>\n<p><strong>CANVIS EN LA PRESENT POL\u00cdTICA DE PRIVACITAT<\/strong><\/p>\n<p><strong>ITCAT<\/strong>&nbsp;es reserva el dret a modificar la present pol\u00edtica per adaptar-la a novetats legislatives o jurisprudencials.<\/p>\n<p><strong>REVOCABILITAT<\/strong><\/p>\n<p>El consentiment prestat, tant pel tractament com per a la cessi\u00f3 de les dades dels interessats, \u00e9s revocable en qualsevol moment comunicant-ho a&nbsp;<strong>ITCAT<\/strong>&nbsp;en els termes que estableix aquesta Pol\u00edtica per a l&#8217;exercici dels drets. Aquesta revocaci\u00f3 en cap cas tindr\u00e0 car\u00e0cter retroactiu.<\/p>\n<p><strong>LEGISLACI\u00d3<\/strong><\/p>\n<p>Amb car\u00e0cter general les relacions entre&nbsp;<strong>ITCAT<\/strong>&nbsp;amb els Usuaris dels seus serveis telem\u00e0tics, presents en aquesta web, estan sotmesos a la legislaci\u00f3 i jurisdicci\u00f3 espanyola a la qual se sotmeten expressament les parts, sent competents per a la resoluci\u00f3 de tots els conflictes derivats o relacionats amb el seu \u00fas els Jutjats i Tribunals de Lleida.<\/p>","protected":false},"excerpt":{"rendered":"<p>Pol\u00edtica de Privacitat La seva privacitat \u00e9s important per a nosaltres, aix\u00ed que mitjan\u00e7ant aquesta pol\u00edtica li expliquem quines dades recollim dels usuaris, com els utilitzem i per a qu\u00e8, entre d&#8217;altres indicacions. Per a la seva informaci\u00f3, mai demanarem m\u00e9s informaci\u00f3 de la que realment necessitarem per als serveis requerits; mai la compartirem amb [&hellip;]<\/p>","protected":false},"author":1,"featured_media":0,"parent":0,"menu_order":0,"comment_status":"closed","ping_status":"closed","template":"elementor_canvas","meta":{"footnotes":""},"_links":{"self":[{"href":"https:\/\/itcat.es\/es\/wp-json\/wp\/v2\/pages\/805"}],"collection":[{"href":"https:\/\/itcat.es\/es\/wp-json\/wp\/v2\/pages"}],"about":[{"href":"https:\/\/itcat.es\/es\/wp-json\/wp\/v2\/types\/page"}],"author":[{"embeddable":true,"href":"https:\/\/itcat.es\/es\/wp-json\/wp\/v2\/users\/1"}],"replies":[{"embeddable":true,"href":"https:\/\/itcat.es\/es\/wp-json\/wp\/v2\/comments?post=805"}],"version-history":[{"count":11,"href":"https:\/\/itcat.es\/es\/wp-json\/wp\/v2\/pages\/805\/revisions"}],"predecessor-version":[{"id":907,"href":"https:\/\/itcat.es\/es\/wp-json\/wp\/v2\/pages\/805\/revisions\/907"}],"wp:attachment":[{"href":"https:\/\/itcat.es\/es\/wp-json\/wp\/v2\/media?parent=805"}],"curies":[{"name":"wp","href":"https:\/\/api.w.org\/{rel}","templated":true}]}}